{"id":905,"date":"2021-05-22T10:57:40","date_gmt":"2021-05-22T10:57:40","guid":{"rendered":"https:\/\/winzerhofbauer.at\/?page_id=905"},"modified":"2023-12-02T16:45:52","modified_gmt":"2023-12-02T16:45:52","slug":"datenschutzerklaerung","status":"publish","type":"page","link":"https:\/\/winzerhofbauer.at\/index.php\/datenschutzerklaerung\/","title":{"rendered":"Datenschutzerkl\u00e4rung"},"content":{"rendered":"\t\t<div data-elementor-type=\"wp-page\" data-elementor-id=\"905\" class=\"elementor elementor-905\">\n\t\t\t\t\t\t\t\t\t<section class=\"elementor-section elementor-top-section elementor-element elementor-element-30331e1 elementor-section-boxed elementor-section-height-default elementor-section-height-default\" data-id=\"30331e1\" data-element_type=\"section\">\n\t\t\t\t\t\t<div class=\"elementor-container elementor-column-gap-default\">\n\t\t\t\t\t<div class=\"elementor-column elementor-col-100 elementor-top-column elementor-element elementor-element-c842437\" data-id=\"c842437\" data-element_type=\"column\">\n\t\t\t<div class=\"elementor-widget-wrap elementor-element-populated\">\n\t\t\t\t\t\t\t\t<div class=\"elementor-element elementor-element-a27d7a5 elementor-widget__width-initial elementor-widget elementor-widget-text-editor\" data-id=\"a27d7a5\" data-element_type=\"widget\" data-widget_type=\"text-editor.default\">\n\t\t\t\t<div class=\"elementor-widget-container\">\n\t\t\t<style>\/*! elementor - v3.17.0 - 08-11-2023 *\/\n.elementor-widget-text-editor.elementor-drop-cap-view-stacked .elementor-drop-cap{background-color:#69727d;color:#fff}.elementor-widget-text-editor.elementor-drop-cap-view-framed .elementor-drop-cap{color:#69727d;border:3px solid;background-color:transparent}.elementor-widget-text-editor:not(.elementor-drop-cap-view-default) .elementor-drop-cap{margin-top:8px}.elementor-widget-text-editor:not(.elementor-drop-cap-view-default) .elementor-drop-cap-letter{width:1em;height:1em}.elementor-widget-text-editor .elementor-drop-cap{float:left;text-align:center;line-height:1;font-size:50px}.elementor-widget-text-editor .elementor-drop-cap-letter{display:inline-block}<\/style>\t\t\t\t<p><strong><span dir=\"ltr\">Grundlegendes<\/span><\/strong><\/p>\n<p><span dir=\"ltr\">Diese Datenschutzerkl\u00e4rung soll die Nutz<\/span><span dir=\"ltr\">er dieser Website \u00fcber die Art, den Umfang und <\/span><span dir=\"ltr\">den Zweck der Erhebung und Verwendung personenbezogener Daten durch den <\/span><span dir=\"ltr\">Websitebetreiber (siehe Impressum)<\/span><span dir=\"ltr\"> informieren.<\/span><\/p>\n<p><span dir=\"ltr\">Der Websitebetreiber nimmt Ihren Datenschutz sehr ernst und behandelt Ihre <\/span><span dir=\"ltr\">pe<\/span><span dir=\"ltr\">rsonenbezogenen Daten vertraulich und entsprechend der gesetzlichen Vorschriften. Da <\/span><span dir=\"ltr\">durch neue Technologien und die st\u00e4ndige Weiterentwicklung dieser Webseite \u00c4nderungen <\/span><span dir=\"ltr\">an dieser Datenschutzerkl\u00e4rung vorgenommen werden k\u00f6nnen, empfehlen wir Ihnen sich di<\/span><span dir=\"ltr\">e <\/span><span dir=\"ltr\">Datenschutzerkl\u00e4rung in regelm\u00e4\u00dfigen Abst\u00e4nden wieder durchzulesen.<\/span><\/p>\n<p><span dir=\"ltr\">Definitionen der verwendeten Begriffe (z.B. \u201cpersonenbezogene Daten\u201d oder \u201cVerarbeitung\u201d) <\/span><span dir=\"ltr\">finden Sie in Art. 4 DSGVO.<\/span><\/p>\n<p><\/p>\n<p><strong><span dir=\"ltr\">Zugriffsdaten<\/span><\/strong><\/p>\n<p><span dir=\"ltr\">Wir, der Websitebetreiber bzw. Seitenprovider, erhe<\/span><span dir=\"ltr\">ben aufgrund unseres berechtigten <\/span><span dir=\"ltr\">Interesses (s. Art. 6 Abs. 1 lit. f. DSGVO) Daten \u00fcber Zugriffe auf die Website und speichern <\/span><span dir=\"ltr\">diese als \u201eServer<\/span><span dir=\"ltr\">&#8211;<\/span><span dir=\"ltr\">Logfiles\u201c auf dem Server der Website ab. Folgende Daten werden so <\/span><span dir=\"ltr\">protokolliert:<\/span><\/p>\n<ul>\n<li><span dir=\"ltr\">Besuchte Website<\/span><\/li>\n<li><span dir=\"ltr\">Uhrzeit zum<\/span><span dir=\"ltr\">Zeitpunkt des Zugriffes<\/span><\/li>\n<li><span dir=\"ltr\">Menge der gesendeten Daten in Byte<\/span><\/li>\n<li><span dir=\"ltr\">Quelle\/Verweis, von welchem Sie auf die Seite gelangten<\/span><\/li>\n<li><span dir=\"ltr\">Verwendeter Browser<\/span><\/li>\n<li><span dir=\"ltr\">Verwendetes Betriebssystem<\/span><\/li>\n<li><span dir=\"ltr\">Verwendete IP<\/span><span dir=\"ltr\">&#8211;<\/span><span dir=\"ltr\">Adresse<\/span><\/li>\n<\/ul>\n<div>\n<p><strong><span id=\"page3R_mcid40\" class=\"markedContent\"><span dir=\"ltr\" role=\"presentation\">Reichweitenmessung &amp; Cookies<\/span><\/span><\/strong><\/p>\n<p><span id=\"page3R_mcid41\" class=\"markedContent\"><\/span><span id=\"page3R_mcid42\" class=\"markedContent\"><\/span><span id=\"page3R_mcid42\" class=\"markedContent\"><span dir=\"ltr\" role=\"presentation\">Diese Website verwendet Cookies, die <\/span><span dir=\"ltr\" role=\"presentation\">entweder von unserem Server oder dem Server Dritter an den Browser des Nutzers <\/span><\/span><span id=\"page24R_mcid0\" class=\"markedContent\"><span dir=\"ltr\" role=\"presentation\">\u00fcbertragen werden. Bei Cookies handelt es sich um kleine Dateien, welche auf Ihrem <\/span><span dir=\"ltr\" role=\"presentation\">Endger\u00e4t gespeichert werden. Ihr Browser greift auf diese Dateien zu. Durch den Einsatz <\/span><span dir=\"ltr\" role=\"presentation\">von Cookies erh\u00f6ht sich die Benutzerfreundlichkeit und Sicherheit dieser Website. <span id=\"page24R_mcid1\" class=\"markedContent\">Falls Sie nicht m\u00f6chten, dass Cookies zur Reichweitenmessung auf Ihrem Endger\u00e4t gespeichert werden, k\u00f6nnen Sie dem Einsatz dieser Dateien hier widersprechen:<\/span><span id=\"page24R_mcid2\" class=\"markedContent\"><\/span><span id=\"page24R_mcid3\" class=\"markedContent\"><br role=\"presentation\">Cookie-Deaktivierungsseite der Netzwerkwerbeinitiative:<\/span><span id=\"page24R_mcid4\" class=\"markedContent\"><br role=\"presentation\"><span dir=\"ltr\" aria-owns=\"pdfjs_internal_id_27R\">http:\/\/optout.networkadvertising.org\/?c=1#!\/<\/span><\/span><span id=\"page24R_mcid5\" class=\"markedContent\"><\/span><span id=\"page24R_mcid6\" class=\"markedContent\"><br role=\"presentation\">Cookie-Deaktivierungsseite der US-amerikanischen Website:<\/span><span id=\"page24R_mcid7\" class=\"markedContent\"><br role=\"presentation\"><span dir=\"ltr\" aria-owns=\"pdfjs_internal_id_28R\">http:\/\/optout.aboutads.info\/?c=2#!\/<\/span><\/span><span id=\"page24R_mcid8\" class=\"markedContent\"><\/span><span id=\"page24R_mcid9\" class=\"markedContent\"><br role=\"presentation\">Cookie-Deaktivierungsseite der europ\u00e4ischen Website:<\/span><span id=\"page24R_mcid10\" class=\"markedContent\"><br role=\"presentation\"><span dir=\"ltr\" aria-owns=\"pdfjs_internal_id_29R\">http:\/\/optout.networkadvertising.org\/?c=1#!\/<\/span><\/span><\/span><\/span><\/p>\n<p><span id=\"page24R_mcid13\" class=\"markedContent\">G\u00e4ngige Browser bieten die Einstellungsoption, Cookies nicht zuzulassen oder zu l\u00f6schen. Hinweis: Es ist nicht gew\u00e4hrleistet, dass Sie auf alle Funktionen dieser Website ohne Einschr\u00e4nkungen zugreifen k\u00f6nnen, wenn Sie entsprechende Einstellungen vornehmen.<\/span><\/p>\n<p><\/p>\n<\/div>\n<p><strong><span dir=\"ltr\">Erfassung und Verarbeitung personenbezogener Daten<\/span><\/strong><\/p>\n<p><span dir=\"ltr\">Der Websitebetreiber erhebt, nutzt und gibt Ihre personenbezogenen Daten nur dann weiter, <\/span><span dir=\"ltr\">wenn dies im gesetzlichen Rahmen erlaubt ist oder Sie in die Datenerhe<\/span><span dir=\"ltr\">bung einwilligen. <\/span><span dir=\"ltr\">Als personenbezogene Daten gelten s\u00e4mtliche Informationen, welche dazu dienen, Ihre <\/span><span dir=\"ltr\">Person zu bestimmen und welche zu Ihnen zur\u00fcckverfolgt werden k\u00f6nnen <\/span><span dir=\"ltr\">\u2013<\/span><span dir=\"ltr\">also <\/span><span dir=\"ltr\">beispielsweise Ihr Name, Ihre E<\/span><span dir=\"ltr\">&#8211;<\/span><span dir=\"ltr\">Mail<\/span><span dir=\"ltr\">&#8211;<\/span><span dir=\"ltr\">Adresse und Telefonnummer.<\/span><\/p>\n<p><span dir=\"ltr\">Wir verarbeiten personenbezogene Daten wie Vorname, Nachname, IP<\/span><span dir=\"ltr\">&#8211;<\/span><span dir=\"ltr\">Adresse, E<\/span><span dir=\"ltr\">&#8211;<\/span><span dir=\"ltr\">Mail<\/span><span dir=\"ltr\">&#8211;<\/span><span dir=\"ltr\">Adresse, Wohnort, Postleitzahl und Inhaltsangaben dann,wenn Sie uns per E-Mail kontaktieren. Bei telefonischem Kotakt werden nur jene Daten verarbeitet, die Sie uns weitergeben und mit denen Sie einverstanden sind, z.B. Telefonnummer. <br><\/span><\/p>\n<p><span dir=\"ltr\">Die Verarbeitung der personenbezogenen Daten erfolgt aufgrund unseres <\/span><span dir=\"ltr\">berechtigten Interesses zur Erf\u00fcllung unserer vertraglich vereinbarten Le<\/span><span dir=\"ltr\">istungen<\/span>.<\/p>\n<p><span dir=\"ltr\">Diese Website<\/span><span dir=\"ltr\"> k\u00f6nnen Sie auch besuchen, ohne Angaben zu Ihrer Person zu machen. Zur <\/span><span dir=\"ltr\">Verbesserung unseres Online<\/span><span dir=\"ltr\">&#8211;<\/span><span dir=\"ltr\">Angebotes speichern wir jedoch (ohne Personenbezug) Ihre <\/span><span dir=\"ltr\">Zugriffsdaten auf diese Website. Zu diesen Zugriffsdaten geh\u00f6ren z. B. die von Ihnen <\/span><span dir=\"ltr\">angeforderte Da<\/span><span dir=\"ltr\">tei oder der Name Ihres Internet<\/span><span dir=\"ltr\">&#8211;<\/span><span dir=\"ltr\">Providers. Durch die Anonymisierung der <\/span><span dir=\"ltr\">Daten sind R\u00fcckschl\u00fcsse auf Ihre Person nicht m\u00f6glich.<\/span><\/p>\n<p><\/p>\n<p><strong><span dir=\"ltr\">Umgang mit Kontaktdaten<\/span><\/strong><\/p>\n<p><span dir=\"ltr\">Nehmen Sie mit uns als Websitebetreiber durch die angebotenen Kontaktm\u00f6glichkeiten <\/span><span dir=\"ltr\">Verbindung auf, werden Ihre Angaben gespeichert, damit auf diese zur Bearbeitung und <\/span><span dir=\"ltr\">Beantwo<\/span><span dir=\"ltr\">rtung Ihrer Anfrage zur\u00fcckgegriffen werden kann. Ohne Ihre Einwilligung werden <\/span><span dir=\"ltr\">diese Daten nicht an Dritte weitergegeben.<\/span><\/p>\n<p><\/p>\n<p><strong><span dir=\"ltr\">Nutzung von Social<\/span><span dir=\"ltr\">&#8211;<\/span><span dir=\"ltr\">Media<\/span><span dir=\"ltr\">&#8211;<\/span><\/strong><span dir=\"ltr\"><strong>Plugins von Facebook und Instagram<\/strong><br><\/span><\/p>\n<p><span dir=\"ltr\">Aufgrund unseres berechtigten Interesses an der Analyse, Optimierung und dem Betrieb <\/span><span dir=\"ltr\">unseres Online<\/span><span dir=\"ltr\">&#8211;<\/span><span dir=\"ltr\">Angebotes (im Sinne des Art.<\/span><span dir=\"ltr\">6 Abs. 1 lit. f. DSGVO), verwendet diese <\/span><span dir=\"ltr\">Website eventuell das Facebook<\/span><span dir=\"ltr\">&#8211;<\/span><span dir=\"ltr\">Social<\/span><span dir=\"ltr\">&#8211;<\/span><span dir=\"ltr\">Plugin sowie das Instagram-Social-Plugin, welche beide von der Facebook Inc. (1 Hacker Way, Menlo <\/span><span dir=\"ltr\">Park, California 94025, USA) betrieben werden. Erkennbar sind die Einbindungen an dem <\/span><span dir=\"ltr\">Facebook<\/span><span dir=\"ltr\">&#8211;<\/span><span dir=\"ltr\">Logo bzw. an den Begriffen \u201eLike\u201c,<\/span><span dir=\"ltr\">\u201eGef\u00e4llt mir\u201c, \u201eTeilen\u201c in den Farben Facebooks <\/span><span dir=\"ltr\">(Blau und Wei\u00df), sowie dem Instagram Logo. <\/span><\/p>\n<p><span dir=\"ltr\">Faceb<\/span><span dir=\"ltr\">ook Inc. h\u00e4lt das europ\u00e4ische Datenschutzrecht ein und ist unter dem Privacy<\/span><span dir=\"ltr\">&#8211;<\/span><span dir=\"ltr\">Shield<\/span><span dir=\"ltr\">&#8211;<\/span><span dir=\"ltr\">Abkommen zertifiziert: <\/span><span dir=\"ltr\">https:\/\/www.privacyshield.gov\/participant?id=a2zt0000000GnywAAC&amp;status=Active<\/span><span dir=\"ltr\"> Das Plugin stellt eine direkte Verbindung zwischen Ihrem Browser und d<\/span><span dir=\"ltr\">en Facebook<\/span><span dir=\"ltr\">&#8211;<\/span><span dir=\"ltr\">Servern her. Der Websitebetreiber hat keinerlei Einfluss auf die Natur und den Umfang der <\/span><span dir=\"ltr\">Daten, welche das Plugin an die Server der Facebook Inc. \u00fcbermittelt. Informationen dazu <\/span><span dir=\"ltr\">finden Sie hier: <\/span><span dir=\"ltr\">https:\/\/www.facebook.com\/help\/186325668085084<\/span><\/p>\n<p><span dir=\"ltr\">Das Plugin informiert die Facebook Inc. dar\u00fcber, dass Sie als Nutzer diese Website besucht <\/span><span dir=\"ltr\">haben. Es besteht hierbei die M\u00f6glichkeit, dass Ihre IP<\/span><span dir=\"ltr\">&#8211;<\/span><span dir=\"ltr\">Adresse gespeichert wird. Sind Sie <\/span><span dir=\"ltr\">w\u00e4hrend des B<\/span><span dir=\"ltr\">esuchs auf dieser Website in Ihrem Facebook- oder Instagram<\/span><span dir=\"ltr\">&#8211;<\/span><span dir=\"ltr\">Konto eingeloggt, werden die <\/span><span dir=\"ltr\">genannten Informationen mit diesen verkn\u00fcpft.<\/span><\/p>\n<p><span dir=\"ltr\">Nutzen Sie die Funktionen des Plugins <\/span><span dir=\"ltr\">\u2013<\/span><span dir=\"ltr\">etwa indem Sie einen Beitrag teilen oder \u201eliken\u201c <\/span><span dir=\"ltr\">\u2013<\/span><span dir=\"ltr\">, <\/span><span dir=\"ltr\">werden die entsprechenden Informationen eben<\/span><span dir=\"ltr\">falls an die Facebook Inc. \u00fcbermittelt.<\/span><span dir=\"ltr\">M\u00f6chten Sie verhindern, dass die Facebook. Inc. diese Daten mit Ihrem Facebook- oder Instagram<\/span><span dir=\"ltr\">&#8211;<\/span><span dir=\"ltr\">Konto <\/span><span dir=\"ltr\">verkn\u00fcpft, loggen Sie sich bitte vor dem Besuch dieser Website bei Facebook und Instagram aus und <\/span><span dir=\"ltr\">l\u00f6schen Sie die gespeicherten Cookies. \u00dcber Ihr <\/span><span dir=\"ltr\">Facebook<\/span><span dir=\"ltr\">&#8211; bzw. Instagram-<\/span><span dir=\"ltr\">Profil k\u00f6nnen Sie weitere <\/span><span dir=\"ltr\">Einstellungen zur Datenverarbeitung f\u00fcr Werbezwecke t\u00e4tigen oder der Nutzung Ihrer Daten <\/span><span dir=\"ltr\">f\u00fcr Werbezwecke widersprechen.<\/span><\/p>\n<p><span dir=\"ltr\">Welche Daten, zu welchem Zweck und in welchem Umfang Fa<\/span><span dir=\"ltr\">cebook oder Instagram Daten erhebt, nutzt <\/span><span dir=\"ltr\">und verarbeitet und welche Rechte sowie Einstellungsm\u00f6glichkeiten Sie zum Schutz Ihrer <\/span><span dir=\"ltr\">Privatsph\u00e4re haben, k\u00f6nnen Sie in den Datenschutzrichtlinien von Facebook oder Instagram nachlesen. <\/span><\/p>\n<p><\/p>\n<p><strong>Nutzung von Google Maps<\/strong><\/p>\n<p>Um die Nutzung von Karteninformationen anbieten zu k\u00f6nnen, verwendet diese Webseite Google Maps. Bei Nutzung dieses Dienstes werden von Google ebenfalls Daten verabreitet und genutzt. Genauere Informationen k\u00f6nnen Sie dem Datenschutz von Google entnehmen.<\/p>\n<p><strong><span dir=\"ltr\">Rechte des Nutzers<\/span><\/strong><\/p>\n<p><span dir=\"ltr\">Sie haben als Nutzer das Recht, auf Antrag eine kostenlose Auskunft dar\u00fcber zu erhalten, <\/span><span dir=\"ltr\">welche<\/span><span dir=\"ltr\">personenbezogenen Daten \u00fcber Sie gespeichert wurden. Sie haben au\u00dferdem das <\/span><span dir=\"ltr\">Recht auf Berichtigung falscher Daten und auf die Verarbeitungseinschr\u00e4nkung oder <\/span><span dir=\"ltr\">L\u00f6schung Ihrer personenbezogenen Daten. Falls zutreffend, k\u00f6nnen Sie auch Ihr Recht auf <\/span><span dir=\"ltr\">Datenport<\/span><span dir=\"ltr\">abilit\u00e4t geltend machen. Sollten Sie annehmen, dass Ihre Daten unrechtm\u00e4\u00dfig <\/span><span dir=\"ltr\">verarbeitet wurden, k\u00f6nnen Sie eine Beschwerde bei der zust\u00e4ndigen Aufsichtsbeh\u00f6rde <\/span><span dir=\"ltr\">einreichen.<\/span><\/p>\n<p><\/p>\n<p><strong><span dir=\"ltr\">L\u00f6schung von Daten<\/span><\/strong><\/p>\n<p><span dir=\"ltr\">Sofern Ihr Wunsch nicht mit einer gesetzlichen Pflicht zur Aufb<\/span><span dir=\"ltr\">ewahrung von Daten (z. B. <\/span><span dir=\"ltr\">Vorratsdatenspeicherung) kollidiert, haben Sie ein Anrecht auf L\u00f6schung Ihrer Daten. Von <\/span><span dir=\"ltr\">uns gespeicherte Daten werden, sollten sie f\u00fcr ihre Zweckbestimmung nicht mehr vonn\u00f6ten <\/span><span dir=\"ltr\">sein und es keine gesetzlichen Aufbewahrungsfristen g<\/span><span dir=\"ltr\">eben, gel\u00f6scht. Falls eine L\u00f6schung <\/span><span dir=\"ltr\">nicht durchgef\u00fchrt werden kann, da die Daten f\u00fcr zul\u00e4ssige gesetzliche Zwecke erforderlich <\/span><span dir=\"ltr\">sind, erfolgt eine Einschr\u00e4nkung der Datenverarbeitung. In diesem Fall werden die Daten <\/span><span dir=\"ltr\">gesperrt und nicht f\u00fcr andere Zwecke vera<\/span><span dir=\"ltr\">rbeitet.<\/span><\/p>\n<p><\/p>\n<p><strong><span dir=\"ltr\">Widerspruchsrecht<\/span><\/strong><\/p>\n<p><span dir=\"ltr\">Nutzer dieser Webseite k\u00f6nnen von ihrem Widerspruchsrecht Gebrauch machen und der <\/span><span dir=\"ltr\">Verarbeitung ihrer personenbezogenen Daten zu jeder Zeit widersprechen. <\/span><span dir=\"ltr\">Wenn Sie eine Berichtigung, Sperrung, L\u00f6schung oder Auskunft \u00fcber die z<\/span><span dir=\"ltr\">u Ihrer Person <\/span><span dir=\"ltr\">gespeicherten personenbezogenen Daten w\u00fcnschen oder Fragen bzgl. der Erhebung, <\/span><span dir=\"ltr\">Verarbeitung oder Verwendung Ihrer personenbezogenen Daten haben oder erteilte <\/span><span dir=\"ltr\">Einwilligungen widerrufen m\u00f6chten, wenden Sie sich bitte an folgende E<\/span><span dir=\"ltr\">&#8211;<\/span><span dir=\"ltr\">Mail<\/span><span dir=\"ltr\">&#8211;<\/span><span dir=\"ltr\">Adresse<\/span><span dir=\"ltr\">: <span class=\"elementor-icon-list-text\">winzerhof.bauer@a1.net<\/span><br><\/span><\/p><p><span dir=\"ltr\"><br><\/span><\/p>\n<p>vgl. Quelle: <span class=\"elementor-icon-list-text\"><span dir=\"ltr\">Muster von <\/span><span dir=\"ltr\">datenschutz.org<\/span><\/span><\/p>\t\t\t\t\t\t<\/div>\n\t\t\t\t<\/div>\n\t\t\t\t\t<\/div>\n\t\t<\/div>\n\t\t\t\t\t\t\t<\/div>\n\t\t<\/section>\n\t\t\t\t\t\t\t<\/div>\n\t\t","protected":false},"excerpt":{"rendered":"<p>Grundlegendes Diese Datenschutzerkl\u00e4rung soll die Nutzer dieser Website \u00fcber die Art, den Umfang und den Zweck der Erhebung und Verwendung personenbezogener Daten durch den Websitebetreiber (siehe Impressum) informieren. Der Websitebetreiber nimmt Ihren Datenschutz sehr ernst und behandelt Ihre personenbezogenen Daten vertraulich und entsprechend der gesetzlichen Vorschriften. Da durch neue Technologien und die st\u00e4ndige Weiterentwicklung dieser &hellip; <\/p>\n<p class=\"link-more\"><a href=\"https:\/\/winzerhofbauer.at\/index.php\/datenschutzerklaerung\/\" class=\"more-link\">Mehr <span class=\"screen-reader-text\">\u00fcber &#8222;Datenschutzerkl\u00e4rung&#8220; <\/span>Lesen<\/a><\/p>\n","protected":false},"author":1,"featured_media":0,"parent":0,"menu_order":0,"comment_status":"closed","ping_status":"closed","template":"","meta":{"footnotes":"","inspiro_hide_title":false},"yoast_head":"<!-- This site is optimized with the Yoast SEO plugin v21.6 - https:\/\/yoast.com\/wordpress\/plugins\/seo\/ -->\n<title>Datenschutzerkl\u00e4rung - Winzerhof A&amp;M Bauer<\/title>\n<meta name=\"robots\" content=\"index, follow, max-snippet:-1, max-image-preview:large, max-video-preview:-1\" \/>\n<link rel=\"canonical\" href=\"https:\/\/winzerhofbauer.at\/index.php\/datenschutzerklaerung\/\" \/>\n<meta property=\"og:locale\" content=\"de_DE\" \/>\n<meta property=\"og:type\" content=\"article\" \/>\n<meta property=\"og:title\" content=\"Datenschutzerkl\u00e4rung - Winzerhof A&amp;M Bauer\" \/>\n<meta property=\"og:description\" content=\"Grundlegendes Diese Datenschutzerkl\u00e4rung soll die Nutzer dieser Website \u00fcber die Art, den Umfang und den Zweck der Erhebung und Verwendung personenbezogener Daten durch den Websitebetreiber (siehe Impressum) informieren. Der Websitebetreiber nimmt Ihren Datenschutz sehr ernst und behandelt Ihre personenbezogenen Daten vertraulich und entsprechend der gesetzlichen Vorschriften. Da durch neue Technologien und die st\u00e4ndige Weiterentwicklung dieser &hellip; Mehr \u00fcber &quot;Datenschutzerkl\u00e4rung&quot; Lesen\" \/>\n<meta property=\"og:url\" content=\"https:\/\/winzerhofbauer.at\/index.php\/datenschutzerklaerung\/\" \/>\n<meta property=\"og:site_name\" content=\"Winzerhof A&amp;M Bauer\" \/>\n<meta property=\"article:modified_time\" content=\"2023-12-02T16:45:52+00:00\" \/>\n<meta name=\"twitter:card\" content=\"summary_large_image\" \/>\n<meta name=\"twitter:label1\" content=\"Gesch\u00e4tzte Lesezeit\" \/>\n\t<meta name=\"twitter:data1\" content=\"6\u00a0Minuten\" \/>\n<script type=\"application\/ld+json\" class=\"yoast-schema-graph\">{\"@context\":\"https:\/\/schema.org\",\"@graph\":[{\"@type\":\"WebPage\",\"@id\":\"https:\/\/winzerhofbauer.at\/index.php\/datenschutzerklaerung\/\",\"url\":\"https:\/\/winzerhofbauer.at\/index.php\/datenschutzerklaerung\/\",\"name\":\"Datenschutzerkl\u00e4rung - Winzerhof A&amp;M Bauer\",\"isPartOf\":{\"@id\":\"https:\/\/winzerhofbauer.at\/#website\"},\"datePublished\":\"2021-05-22T10:57:40+00:00\",\"dateModified\":\"2023-12-02T16:45:52+00:00\",\"breadcrumb\":{\"@id\":\"https:\/\/winzerhofbauer.at\/index.php\/datenschutzerklaerung\/#breadcrumb\"},\"inLanguage\":\"de\",\"potentialAction\":[{\"@type\":\"ReadAction\",\"target\":[\"https:\/\/winzerhofbauer.at\/index.php\/datenschutzerklaerung\/\"]}]},{\"@type\":\"BreadcrumbList\",\"@id\":\"https:\/\/winzerhofbauer.at\/index.php\/datenschutzerklaerung\/#breadcrumb\",\"itemListElement\":[{\"@type\":\"ListItem\",\"position\":1,\"name\":\"Startseite\",\"item\":\"https:\/\/winzerhofbauer.at\/\"},{\"@type\":\"ListItem\",\"position\":2,\"name\":\"Datenschutzerkl\u00e4rung\"}]},{\"@type\":\"WebSite\",\"@id\":\"https:\/\/winzerhofbauer.at\/#website\",\"url\":\"https:\/\/winzerhofbauer.at\/\",\"name\":\"Winzerhof A&amp;M Bauer\",\"description\":\"\",\"publisher\":{\"@id\":\"https:\/\/winzerhofbauer.at\/#\/schema\/person\/16cfc00aa660c5aae39752911140d4a6\"},\"potentialAction\":[{\"@type\":\"SearchAction\",\"target\":{\"@type\":\"EntryPoint\",\"urlTemplate\":\"https:\/\/winzerhofbauer.at\/?s={search_term_string}\"},\"query-input\":\"required name=search_term_string\"}],\"inLanguage\":\"de\"},{\"@type\":[\"Person\",\"Organization\"],\"@id\":\"https:\/\/winzerhofbauer.at\/#\/schema\/person\/16cfc00aa660c5aae39752911140d4a6\",\"name\":\"admin\",\"logo\":{\"@id\":\"https:\/\/winzerhofbauer.at\/#\/schema\/person\/image\/\"},\"sameAs\":[\"https:\/\/winzerhofbauer.at\"]}]}<\/script>\n<!-- \/ Yoast SEO plugin. -->","yoast_head_json":{"title":"Datenschutzerkl\u00e4rung - Winzerhof A&amp;M Bauer","robots":{"index":"index","follow":"follow","max-snippet":"max-snippet:-1","max-image-preview":"max-image-preview:large","max-video-preview":"max-video-preview:-1"},"canonical":"https:\/\/winzerhofbauer.at\/index.php\/datenschutzerklaerung\/","og_locale":"de_DE","og_type":"article","og_title":"Datenschutzerkl\u00e4rung - Winzerhof A&amp;M Bauer","og_description":"Grundlegendes Diese Datenschutzerkl\u00e4rung soll die Nutzer dieser Website \u00fcber die Art, den Umfang und den Zweck der Erhebung und Verwendung personenbezogener Daten durch den Websitebetreiber (siehe Impressum) informieren. Der Websitebetreiber nimmt Ihren Datenschutz sehr ernst und behandelt Ihre personenbezogenen Daten vertraulich und entsprechend der gesetzlichen Vorschriften. Da durch neue Technologien und die st\u00e4ndige Weiterentwicklung dieser &hellip; Mehr \u00fcber \"Datenschutzerkl\u00e4rung\" Lesen","og_url":"https:\/\/winzerhofbauer.at\/index.php\/datenschutzerklaerung\/","og_site_name":"Winzerhof A&amp;M Bauer","article_modified_time":"2023-12-02T16:45:52+00:00","twitter_card":"summary_large_image","twitter_misc":{"Gesch\u00e4tzte Lesezeit":"6\u00a0Minuten"},"schema":{"@context":"https:\/\/schema.org","@graph":[{"@type":"WebPage","@id":"https:\/\/winzerhofbauer.at\/index.php\/datenschutzerklaerung\/","url":"https:\/\/winzerhofbauer.at\/index.php\/datenschutzerklaerung\/","name":"Datenschutzerkl\u00e4rung - Winzerhof A&amp;M Bauer","isPartOf":{"@id":"https:\/\/winzerhofbauer.at\/#website"},"datePublished":"2021-05-22T10:57:40+00:00","dateModified":"2023-12-02T16:45:52+00:00","breadcrumb":{"@id":"https:\/\/winzerhofbauer.at\/index.php\/datenschutzerklaerung\/#breadcrumb"},"inLanguage":"de","potentialAction":[{"@type":"ReadAction","target":["https:\/\/winzerhofbauer.at\/index.php\/datenschutzerklaerung\/"]}]},{"@type":"BreadcrumbList","@id":"https:\/\/winzerhofbauer.at\/index.php\/datenschutzerklaerung\/#breadcrumb","itemListElement":[{"@type":"ListItem","position":1,"name":"Startseite","item":"https:\/\/winzerhofbauer.at\/"},{"@type":"ListItem","position":2,"name":"Datenschutzerkl\u00e4rung"}]},{"@type":"WebSite","@id":"https:\/\/winzerhofbauer.at\/#website","url":"https:\/\/winzerhofbauer.at\/","name":"Winzerhof A&amp;M Bauer","description":"","publisher":{"@id":"https:\/\/winzerhofbauer.at\/#\/schema\/person\/16cfc00aa660c5aae39752911140d4a6"},"potentialAction":[{"@type":"SearchAction","target":{"@type":"EntryPoint","urlTemplate":"https:\/\/winzerhofbauer.at\/?s={search_term_string}"},"query-input":"required name=search_term_string"}],"inLanguage":"de"},{"@type":["Person","Organization"],"@id":"https:\/\/winzerhofbauer.at\/#\/schema\/person\/16cfc00aa660c5aae39752911140d4a6","name":"admin","logo":{"@id":"https:\/\/winzerhofbauer.at\/#\/schema\/person\/image\/"},"sameAs":["https:\/\/winzerhofbauer.at"]}]}},"featured_media_urls":[],"_links":{"self":[{"href":"https:\/\/winzerhofbauer.at\/index.php\/wp-json\/wp\/v2\/pages\/905"}],"collection":[{"href":"https:\/\/winzerhofbauer.at\/index.php\/wp-json\/wp\/v2\/pages"}],"about":[{"href":"https:\/\/winzerhofbauer.at\/index.php\/wp-json\/wp\/v2\/types\/page"}],"author":[{"embeddable":true,"href":"https:\/\/winzerhofbauer.at\/index.php\/wp-json\/wp\/v2\/users\/1"}],"replies":[{"embeddable":true,"href":"https:\/\/winzerhofbauer.at\/index.php\/wp-json\/wp\/v2\/comments?post=905"}],"version-history":[{"count":41,"href":"https:\/\/winzerhofbauer.at\/index.php\/wp-json\/wp\/v2\/pages\/905\/revisions"}],"predecessor-version":[{"id":1032,"href":"https:\/\/winzerhofbauer.at\/index.php\/wp-json\/wp\/v2\/pages\/905\/revisions\/1032"}],"wp:attachment":[{"href":"https:\/\/winzerhofbauer.at\/index.php\/wp-json\/wp\/v2\/media?parent=905"}],"curies":[{"name":"wp","href":"https:\/\/api.w.org\/{rel}","templated":true}]}}